{"id":81,"date":"2022-04-25T17:57:27","date_gmt":"2022-04-25T15:57:27","guid":{"rendered":"https:\/\/yourgotlandtours.com\/villkor\/"},"modified":"2022-06-02T13:21:11","modified_gmt":"2022-06-02T11:21:11","slug":"villkor","status":"publish","type":"page","link":"https:\/\/yourgotlandtours.com\/sv\/villkor\/","title":{"rendered":"Villkor"},"content":{"rendered":"<div class=\"fusion-fullwidth fullwidth-box fusion-builder-row-1 fusion-flex-container hundred-percent-fullwidth non-hundred-percent-height-scrolling fusion-no-small-visibility\" style=\"background-color: rgba(255,255,255,0);background-position: center center;background-repeat: no-repeat;border-width: 0px 0px 0px 0px;border-color:var(--awb-color3);border-style:solid;\" ><div class=\"fusion-builder-row fusion-row fusion-flex-align-items-flex-start\" style=\"width:104% !important;max-width:104% !important;margin-left: calc(-4% \/ 2 );margin-right: calc(-4% \/ 2 );\"><div class=\"fusion-layout-column fusion_builder_column fusion-builder-column-0 fusion_builder_column_1_2 1_2 fusion-flex-column\"><div class=\"fusion-column-wrapper fusion-flex-justify-content-center fusion-content-layout-column\" style=\"background-position:left top;background-repeat:no-repeat;-webkit-background-size:cover;-moz-background-size:cover;-o-background-size:cover;background-size:cover;padding: 5% 0px 0px 0px;\"><div class=\"fusion-text fusion-text-1\"><h1>Villkor<\/h1>\n<h3>Avbokningsregler:<\/h3>\n<p>5 dagar f\u00f6re turen: full \u00e5terbetalning<br \/>1-4 dagar f\u00f6re turen: 50% \u00e5terbetalning<br \/>samma dag som turen: ingen \u00e5terbetalning<br \/>om ingen dyker upp vid tidpunkten f\u00f6r turen: ingen \u00e5terbetalning<\/p>\n<h3>Betalning:<\/h3>\n<p>Endast kontant (kvitto kan f\u00e5s om s\u00e5 \u00f6nskas).<br \/>Vi mottar betalning b\u00e5de i svenska kronor och i euro.<\/p>\n<\/div><\/div><style type=\"text\/css\">.fusion-body .fusion-builder-column-0{width:50% !important;margin-top : 0px;margin-bottom : 20px;}.fusion-builder-column-0 > .fusion-column-wrapper {padding-top : 5% !important;padding-right : 0px !important;margin-right : 3.84%;padding-bottom : 0px !important;padding-left : 0px !important;margin-left : 3.84%;}@media only screen and (max-width:1024px) {.fusion-body .fusion-builder-column-0{width:50% !important;order : 0;}.fusion-builder-column-0 > .fusion-column-wrapper {margin-right : 3.84%;margin-left : 3.84%;}}@media only screen and (max-width:640px) {.fusion-body .fusion-builder-column-0{width:100% !important;order : 0;}.fusion-builder-column-0 > .fusion-column-wrapper {margin-right : 1.92%;margin-left : 1.92%;}}<\/style><\/div><div class=\"fusion-layout-column fusion_builder_column fusion-builder-column-1 fusion_builder_column_1_2 1_2 fusion-flex-column\"><div class=\"fusion-column-wrapper fusion-flex-justify-content-flex-start fusion-content-layout-column\" style=\"background-position:left top;background-repeat:no-repeat;-webkit-background-size:cover;-moz-background-size:cover;-o-background-size:cover;background-size:cover;padding: 0px 0px 0px 0px;\"><div ><span class=\" fusion-imageframe imageframe-none imageframe-1 hover-type-none\"><img decoding=\"async\" width=\"1000\" height=\"660\" title=\"hogklint\" src=\"https:\/\/yourgotlandtours.com\/wp-content\/uploads\/hogklint.jpg\" alt class=\"img-responsive wp-image-856\" srcset=\"https:\/\/yourgotlandtours.com\/wp-content\/uploads\/hogklint-200x132.jpg 200w, https:\/\/yourgotlandtours.com\/wp-content\/uploads\/hogklint-400x264.jpg 400w, https:\/\/yourgotlandtours.com\/wp-content\/uploads\/hogklint-600x396.jpg 600w, https:\/\/yourgotlandtours.com\/wp-content\/uploads\/hogklint-800x528.jpg 800w, https:\/\/yourgotlandtours.com\/wp-content\/uploads\/hogklint.jpg 1000w\" sizes=\"(max-width: 640px) 100vw, (max-width: 1919px) 800px,(min-width: 1920px) 50vw\" \/><\/span><\/div><\/div><style type=\"text\/css\">.fusion-body .fusion-builder-column-1{width:50% !important;margin-top : 0px;margin-bottom : 20px;}.fusion-builder-column-1 > .fusion-column-wrapper {padding-top : 0px !important;padding-right : 0px !important;margin-right : 3.84%;padding-bottom : 0px !important;padding-left : 0px !important;margin-left : 3.84%;}@media only screen and (max-width:1024px) {.fusion-body .fusion-builder-column-1{width:50% !important;order : 0;}.fusion-builder-column-1 > .fusion-column-wrapper {margin-right : 3.84%;margin-left : 3.84%;}}@media only screen and (max-width:640px) {.fusion-body .fusion-builder-column-1{width:100% !important;order : 0;}.fusion-builder-column-1 > .fusion-column-wrapper {margin-right : 1.92%;margin-left : 1.92%;}}<\/style><\/div><\/div><style type=\"text\/css\">.fusion-body .fusion-flex-container.fusion-builder-row-1{ padding-top : 0px;margin-top : 0px;padding-right : 10%;padding-bottom : 0px;margin-bottom : 0px;padding-left : 10%;}<\/style><\/div>\n","protected":false},"excerpt":{"rendered":"","protected":false},"author":3,"featured_media":0,"parent":0,"menu_order":0,"comment_status":"closed","ping_status":"closed","template":"100-width.php","meta":{"footnotes":""},"class_list":["post-81","page","type-page","status-publish","hentry"],"_links":{"self":[{"href":"https:\/\/yourgotlandtours.com\/sv\/wp-json\/wp\/v2\/pages\/81","targetHints":{"allow":["GET"]}}],"collection":[{"href":"https:\/\/yourgotlandtours.com\/sv\/wp-json\/wp\/v2\/pages"}],"about":[{"href":"https:\/\/yourgotlandtours.com\/sv\/wp-json\/wp\/v2\/types\/page"}],"author":[{"embeddable":true,"href":"https:\/\/yourgotlandtours.com\/sv\/wp-json\/wp\/v2\/users\/3"}],"replies":[{"embeddable":true,"href":"https:\/\/yourgotlandtours.com\/sv\/wp-json\/wp\/v2\/comments?post=81"}],"version-history":[{"count":7,"href":"https:\/\/yourgotlandtours.com\/sv\/wp-json\/wp\/v2\/pages\/81\/revisions"}],"predecessor-version":[{"id":865,"href":"https:\/\/yourgotlandtours.com\/sv\/wp-json\/wp\/v2\/pages\/81\/revisions\/865"}],"wp:attachment":[{"href":"https:\/\/yourgotlandtours.com\/sv\/wp-json\/wp\/v2\/media?parent=81"}],"curies":[{"name":"wp","href":"https:\/\/api.w.org\/{rel}","templated":true}]}}