{"id":75,"date":"2022-04-25T17:55:11","date_gmt":"2022-04-25T15:55:11","guid":{"rendered":"https:\/\/yourgotlandtours.com\/gotlandska-upplevelser\/"},"modified":"2022-06-13T11:34:56","modified_gmt":"2022-06-13T09:34:56","slug":"gotlandska-upplevelser","status":"publish","type":"page","link":"https:\/\/yourgotlandtours.com\/sv\/gotlandska-upplevelser\/","title":{"rendered":"Gotl\u00e4ndska upplevelser"},"content":{"rendered":"<div class=\"fusion-fullwidth fullwidth-box fusion-builder-row-1 fusion-flex-container nonhundred-percent-fullwidth non-hundred-percent-height-scrolling\" style=\"background-color: rgba(255,255,255,0);background-position: center center;background-repeat: no-repeat;border-width: 0px 0px 0px 0px;border-color:var(--awb-color3);border-style:solid;\" ><div class=\"fusion-builder-row fusion-row fusion-flex-align-items-flex-start\" style=\"max-width:104%;margin-left: calc(-4% \/ 2 );margin-right: calc(-4% \/ 2 );\"><div class=\"fusion-layout-column fusion_builder_column fusion-builder-column-0 fusion_builder_column_3_4 3_4 fusion-flex-column\"><div class=\"fusion-column-wrapper fusion-flex-justify-content-flex-start fusion-content-layout-column\" style=\"background-position:left top;background-repeat:no-repeat;-webkit-background-size:cover;-moz-background-size:cover;-o-background-size:cover;background-size:cover;padding: 0px 0px 0px 0px;\"><div class=\"fusion-text fusion-text-1\"><h1>Gotl\u00e4ndska upplevelser<\/h1>\n<\/div><style type=\"text\/css\">.fusion-portfolio-wrapper#fusion-portfolio-1 .fusion-portfolio-content{ padding: 25px 25px 25px 25px; text-align: left; }<\/style><div class=\"fusion-recent-works fusion-portfolio-element fusion-portfolio fusion-portfolio-1 fusion-portfolio-grid fusion-portfolio-paging-pagination fusion-portfolio-one fusion-portfolio-boxed fusion-portfolio-text fusion-portfolio-text-floated fusion-portfolio-rollover\" data-id=\"-rw-1\" data-columns=\"one\"><style type=\"text\/css\">.fusion-portfolio-1 .fusion-portfolio-wrapper .fusion-col-spacing{padding:15px;}<\/style><div class=\"fusion-portfolio-wrapper\" id=\"fusion-portfolio-1\" data-picturesize=\"auto\" data-pages=\"0\" style=\"margin:-15px;\"><article id=\"portfolio-1-post-975\" class=\"fusion-portfolio-post fusion-col-spacing post-975\"><div class=\"fusion-portfolio-content-wrapper\" style=\"border:1px solid var(--awb-color2);border-bottom-width:3px;background-color:rgba(255,255,255,0);\"><span class=\"vcard rich-snippet-hidden\"><span class=\"fn\"><a href=\"https:\/\/yourgotlandtours.com\/sv\/author\/kwacb_yourgotlandtourscom\/\" title=\"Inl\u00e4gg av kwacb_yourgotlandtourscom\" rel=\"author\">kwacb_yourgotlandtourscom<\/a><\/span><\/span><span class=\"updated rich-snippet-hidden\">2024-02-04T19:56:54+01:00<\/span><div  class=\"fusion-image-wrapper\" aria-haspopup=\"true\">\n\t\t\t\t<img decoding=\"async\" width=\"648\" height=\"428\" src=\"https:\/\/yourgotlandtours.com\/wp-content\/uploads\/longhouse_utvald_bild.jpg\" class=\"attachment-full size-full wp-post-image\" alt=\"\" srcset=\"https:\/\/yourgotlandtours.com\/wp-content\/uploads\/longhouse_utvald_bild-200x132.jpg 200w, https:\/\/yourgotlandtours.com\/wp-content\/uploads\/longhouse_utvald_bild-400x264.jpg 400w, https:\/\/yourgotlandtours.com\/wp-content\/uploads\/longhouse_utvald_bild-600x396.jpg 600w, https:\/\/yourgotlandtours.com\/wp-content\/uploads\/longhouse_utvald_bild.jpg 648w\" sizes=\"(min-width: 2200px) 100vw, (min-width: 640px) 1920px, \" \/><div class=\"fusion-rollover\">\n\t<div class=\"fusion-rollover-content\">\n\n\t\t\t\t\n\t\t\n\t\t\t\t\t\t\t\t\t\t\t\t<h4 class=\"fusion-rollover-title\">\n\t\t\t\t\t<a class=\"fusion-rollover-title-link\" href=\"https:\/\/yourgotlandtours.com\/sv\/experiences\/sjonhemtur\/\">\n\t\t\t\t\t\tNy tur sommaren 2024\t\t\t\t\t<\/a>\n\t\t\t\t<\/h4>\n\t\t\t\n\t\t\t\t\t\t\t\t\t\t\t\t\t\t\t\n\t\t\n\t\t\t\t\t\t<a class=\"fusion-link-wrapper\" href=\"https:\/\/yourgotlandtours.com\/sv\/experiences\/sjonhemtur\/\" aria-label=\"Ny tur sommaren 2024\"><\/a>\n\t<\/div>\n<\/div>\n<\/div>\n<div class=\"fusion-portfolio-content\" style=\"background-color:rgba(255,255,255,0);\"><h2 class=\"entry-title fusion-post-title\"><a href=\"https:\/\/yourgotlandtours.com\/sv\/experiences\/sjonhemtur\/\">Ny tur sommaren 2024<\/a><\/h2><div class=\"fusion-content-sep sep-double sep-solid\" style=\"border-color:var(--awb-color3);\"><\/div><div class=\"fusion-post-content\"><p>Your Gotland Tours \u00e4r glada att kunna erbjuda en ny, exklusiv upplevelse i samarbete med L\u00e5nghuset Sjonhem. <\/p><div class=\"fusion-portfolio-buttons\"><a href=\"https:\/\/yourgotlandtours.com\/sv\/experiences\/sjonhemtur\/\" class=\"fusion-button fusion-button-small fusion-button-default fusion-button-flat\">L\u00e4s mer<\/a><\/div><\/div><\/div><\/div><\/article><article id=\"portfolio-1-post-808\" class=\"fusion-portfolio-post fusion-col-spacing post-808\"><div class=\"fusion-portfolio-content-wrapper\" style=\"border:1px solid var(--awb-color2);border-bottom-width:3px;background-color:rgba(255,255,255,0);\"><span class=\"vcard rich-snippet-hidden\"><span class=\"fn\"><a href=\"https:\/\/yourgotlandtours.com\/sv\/author\/kwacb_yourgotlandtourscom\/\" title=\"Inl\u00e4gg av kwacb_yourgotlandtourscom\" rel=\"author\">kwacb_yourgotlandtourscom<\/a><\/span><\/span><span class=\"updated rich-snippet-hidden\">2022-06-10T13:25:24+02:00<\/span><div  class=\"fusion-image-wrapper\" aria-haspopup=\"true\">\n\t\t\t\t<img decoding=\"async\" width=\"2000\" height=\"1333\" src=\"https:\/\/yourgotlandtours.com\/wp-content\/uploads\/raukport_lowres.jpg\" class=\"attachment-full size-full wp-post-image\" alt=\"\" srcset=\"https:\/\/yourgotlandtours.com\/wp-content\/uploads\/raukport_lowres-200x133.jpg 200w, https:\/\/yourgotlandtours.com\/wp-content\/uploads\/raukport_lowres-400x267.jpg 400w, https:\/\/yourgotlandtours.com\/wp-content\/uploads\/raukport_lowres-600x400.jpg 600w, https:\/\/yourgotlandtours.com\/wp-content\/uploads\/raukport_lowres-800x533.jpg 800w, https:\/\/yourgotlandtours.com\/wp-content\/uploads\/raukport_lowres-1200x800.jpg 1200w, https:\/\/yourgotlandtours.com\/wp-content\/uploads\/raukport_lowres.jpg 2000w\" sizes=\"(min-width: 2200px) 100vw, (min-width: 640px) 1920px, \" \/><div class=\"fusion-rollover\">\n\t<div class=\"fusion-rollover-content\">\n\n\t\t\t\t\n\t\t\n\t\t\t\t\t\t\t\t\t\t\t\t<h4 class=\"fusion-rollover-title\">\n\t\t\t\t\t<a class=\"fusion-rollover-title-link\" href=\"https:\/\/yourgotlandtours.com\/sv\/experiences\/turen-till-norra-gotland\/\">\n\t\t\t\t\t\tTuren till norra Gotland\t\t\t\t\t<\/a>\n\t\t\t\t<\/h4>\n\t\t\t\n\t\t\t\t\t\t\t\t\t\t\t\t\t\t\t\n\t\t\n\t\t\t\t\t\t<a class=\"fusion-link-wrapper\" href=\"https:\/\/yourgotlandtours.com\/sv\/experiences\/turen-till-norra-gotland\/\" aria-label=\"Turen till norra Gotland\"><\/a>\n\t<\/div>\n<\/div>\n<\/div>\n<div class=\"fusion-portfolio-content\" style=\"background-color:rgba(255,255,255,0);\"><h2 class=\"entry-title fusion-post-title\"><a href=\"https:\/\/yourgotlandtours.com\/sv\/experiences\/turen-till-norra-gotland\/\">Turen till norra Gotland<\/a><\/h2><div class=\"fusion-content-sep sep-double sep-solid\" style=\"border-color:var(--awb-color3);\"><\/div><div class=\"fusion-post-content\"><p>Magnifika medeltida kyrkor, gravplatser fr\u00e5n j\u00e4rn\u00e5ldern, viloplatsen f\u00f6r Gotlands mytomspunna grundare, ofattbar natur, fantastiska vyer och mycket mer.<\/p><div class=\"fusion-portfolio-buttons\"><a href=\"https:\/\/yourgotlandtours.com\/sv\/experiences\/turen-till-norra-gotland\/\" class=\"fusion-button fusion-button-small fusion-button-default fusion-button-flat\">L\u00e4s mer<\/a><\/div><\/div><\/div><\/div><\/article><article id=\"portfolio-1-post-936\" class=\"fusion-portfolio-post fusion-col-spacing post-936\"><div class=\"fusion-portfolio-content-wrapper\" style=\"border:1px solid var(--awb-color2);border-bottom-width:3px;background-color:rgba(255,255,255,0);\"><span class=\"vcard rich-snippet-hidden\"><span class=\"fn\"><a href=\"https:\/\/yourgotlandtours.com\/sv\/author\/kwacb_yourgotlandtourscom\/\" title=\"Inl\u00e4gg av kwacb_yourgotlandtourscom\" rel=\"author\">kwacb_yourgotlandtourscom<\/a><\/span><\/span><span class=\"updated rich-snippet-hidden\">2022-06-13T12:55:10+02:00<\/span><div  class=\"fusion-image-wrapper\" aria-haspopup=\"true\">\n\t\t\t\t<img decoding=\"async\" width=\"648\" height=\"428\" src=\"https:\/\/yourgotlandtours.com\/wp-content\/uploads\/battur_utvald_bild.jpg\" class=\"attachment-full size-full wp-post-image\" alt=\"\" srcset=\"https:\/\/yourgotlandtours.com\/wp-content\/uploads\/battur_utvald_bild-200x132.jpg 200w, https:\/\/yourgotlandtours.com\/wp-content\/uploads\/battur_utvald_bild-400x264.jpg 400w, https:\/\/yourgotlandtours.com\/wp-content\/uploads\/battur_utvald_bild-600x396.jpg 600w, https:\/\/yourgotlandtours.com\/wp-content\/uploads\/battur_utvald_bild.jpg 648w\" sizes=\"(min-width: 2200px) 100vw, (min-width: 640px) 1920px, \" \/><div class=\"fusion-rollover\">\n\t<div class=\"fusion-rollover-content\">\n\n\t\t\t\t\n\t\t\n\t\t\t\t\t\t\t\t\t\t\t\t<h4 class=\"fusion-rollover-title\">\n\t\t\t\t\t<a class=\"fusion-rollover-title-link\" href=\"https:\/\/yourgotlandtours.com\/sv\/experiences\/privata-batturer-i-slite-skargard\/\">\n\t\t\t\t\t\tPrivat b\u00e5ttur i Slite sk\u00e4rg\u00e5rd\t\t\t\t\t<\/a>\n\t\t\t\t<\/h4>\n\t\t\t\n\t\t\t\t\t\t\t\t\t\t\t\t\t\t\t\n\t\t\n\t\t\t\t\t\t<a class=\"fusion-link-wrapper\" href=\"https:\/\/yourgotlandtours.com\/sv\/experiences\/privata-batturer-i-slite-skargard\/\" aria-label=\"Privat b\u00e5ttur i Slite sk\u00e4rg\u00e5rd\"><\/a>\n\t<\/div>\n<\/div>\n<\/div>\n<div class=\"fusion-portfolio-content\" style=\"background-color:rgba(255,255,255,0);\"><h2 class=\"entry-title fusion-post-title\"><a href=\"https:\/\/yourgotlandtours.com\/sv\/experiences\/privata-batturer-i-slite-skargard\/\">Privat b\u00e5ttur i Slite sk\u00e4rg\u00e5rd<\/a><\/h2><div class=\"fusion-content-sep sep-double sep-solid\" style=\"border-color:var(--awb-color3);\"><\/div><div class=\"fusion-post-content\"><p>Your Gotland Tours erbjuder unika och privata b\u00e5tturer i Slite sk\u00e4rg\u00e5rd maj-september<\/p><div class=\"fusion-portfolio-buttons\"><a href=\"https:\/\/yourgotlandtours.com\/sv\/experiences\/privata-batturer-i-slite-skargard\/\" class=\"fusion-button fusion-button-small fusion-button-default fusion-button-flat\">L\u00e4s mer<\/a><\/div><\/div><\/div><\/div><\/article><article id=\"portfolio-1-post-812\" class=\"fusion-portfolio-post fusion-col-spacing post-812\"><div class=\"fusion-portfolio-content-wrapper\" style=\"border:1px solid var(--awb-color2);border-bottom-width:3px;background-color:rgba(255,255,255,0);\"><span class=\"vcard rich-snippet-hidden\"><span class=\"fn\"><a href=\"https:\/\/yourgotlandtours.com\/sv\/author\/kwacb_yourgotlandtourscom\/\" title=\"Inl\u00e4gg av kwacb_yourgotlandtourscom\" rel=\"author\">kwacb_yourgotlandtourscom<\/a><\/span><\/span><span class=\"updated rich-snippet-hidden\">2022-06-10T18:32:04+02:00<\/span><div  class=\"fusion-image-wrapper\" aria-haspopup=\"true\">\n\t\t\t\t<img decoding=\"async\" width=\"648\" height=\"429\" src=\"https:\/\/yourgotlandtours.com\/wp-content\/uploads\/vallstenabildsten_utvald_bild.jpg\" class=\"attachment-full size-full wp-post-image\" alt=\"\" srcset=\"https:\/\/yourgotlandtours.com\/wp-content\/uploads\/vallstenabildsten_utvald_bild-200x132.jpg 200w, https:\/\/yourgotlandtours.com\/wp-content\/uploads\/vallstenabildsten_utvald_bild-400x265.jpg 400w, https:\/\/yourgotlandtours.com\/wp-content\/uploads\/vallstenabildsten_utvald_bild-600x397.jpg 600w, https:\/\/yourgotlandtours.com\/wp-content\/uploads\/vallstenabildsten_utvald_bild.jpg 648w\" sizes=\"(min-width: 2200px) 100vw, (min-width: 640px) 1920px, \" \/><div class=\"fusion-rollover\">\n\t<div class=\"fusion-rollover-content\">\n\n\t\t\t\t\n\t\t\n\t\t\t\t\t\t\t\t\t\t\t\t<h4 class=\"fusion-rollover-title\">\n\t\t\t\t\t<a class=\"fusion-rollover-title-link\" href=\"https:\/\/yourgotlandtours.com\/sv\/experiences\/vikingaturen\/\">\n\t\t\t\t\t\tVikingaturen\t\t\t\t\t<\/a>\n\t\t\t\t<\/h4>\n\t\t\t\n\t\t\t\t\t\t\t\t\t\t\t\t\t\t\t\n\t\t\n\t\t\t\t\t\t<a class=\"fusion-link-wrapper\" href=\"https:\/\/yourgotlandtours.com\/sv\/experiences\/vikingaturen\/\" aria-label=\"Vikingaturen\"><\/a>\n\t<\/div>\n<\/div>\n<\/div>\n<div class=\"fusion-portfolio-content\" style=\"background-color:rgba(255,255,255,0);\"><h2 class=\"entry-title fusion-post-title\"><a href=\"https:\/\/yourgotlandtours.com\/sv\/experiences\/vikingaturen\/\">Vikingaturen<\/a><\/h2><div class=\"fusion-content-sep sep-double sep-solid\" style=\"border-color:var(--awb-color3);\"><\/div><div class=\"fusion-post-content\"><p>Erfarna sj\u00f6m\u00e4n, skickliga hantverkare och sluga handelsm\u00e4n. De gotl\u00e4ndska vikingarna har l\u00e4mnat m\u00e5nga sp\u00e5r efter sig p\u00e5 \u00f6n. <\/p><div class=\"fusion-portfolio-buttons\"><a href=\"https:\/\/yourgotlandtours.com\/sv\/experiences\/vikingaturen\/\" class=\"fusion-button fusion-button-small fusion-button-default fusion-button-flat\">L\u00e4s mer<\/a><\/div><\/div><\/div><\/div><\/article><article id=\"portfolio-1-post-614\" class=\"fusion-portfolio-post fusion-col-spacing post-614\"><div class=\"fusion-portfolio-content-wrapper\" style=\"border:1px solid var(--awb-color2);border-bottom-width:3px;background-color:rgba(255,255,255,0);\"><span class=\"vcard rich-snippet-hidden\"><span class=\"fn\"><a href=\"https:\/\/yourgotlandtours.com\/sv\/author\/kwacb_yourgotlandtourscom\/\" title=\"Inl\u00e4gg av kwacb_yourgotlandtourscom\" rel=\"author\">kwacb_yourgotlandtourscom<\/a><\/span><\/span><span class=\"updated rich-snippet-hidden\">2022-06-10T18:34:12+02:00<\/span><div  class=\"fusion-image-wrapper\" aria-haspopup=\"true\">\n\t\t\t\t<img decoding=\"async\" width=\"649\" height=\"430\" src=\"https:\/\/yourgotlandtours.com\/wp-content\/uploads\/Visby-ringmuren_utvald_bild.jpg\" class=\"attachment-full size-full wp-post-image\" alt=\"\" srcset=\"https:\/\/yourgotlandtours.com\/wp-content\/uploads\/Visby-ringmuren_utvald_bild-200x133.jpg 200w, https:\/\/yourgotlandtours.com\/wp-content\/uploads\/Visby-ringmuren_utvald_bild-400x265.jpg 400w, https:\/\/yourgotlandtours.com\/wp-content\/uploads\/Visby-ringmuren_utvald_bild-600x398.jpg 600w, https:\/\/yourgotlandtours.com\/wp-content\/uploads\/Visby-ringmuren_utvald_bild.jpg 649w\" sizes=\"(min-width: 2200px) 100vw, (min-width: 640px) 1920px, \" \/><div class=\"fusion-rollover\">\n\t<div class=\"fusion-rollover-content\">\n\n\t\t\t\t\n\t\t\n\t\t\t\t\t\t\t\t\t\t\t\t<h4 class=\"fusion-rollover-title\">\n\t\t\t\t\t<a class=\"fusion-rollover-title-link\" href=\"https:\/\/yourgotlandtours.com\/sv\/experiences\/visbyturen\/\">\n\t\t\t\t\t\tVisbyturen\t\t\t\t\t<\/a>\n\t\t\t\t<\/h4>\n\t\t\t\n\t\t\t\t\t\t\t\t\t\t\t\t\t\t\t\n\t\t\n\t\t\t\t\t\t<a class=\"fusion-link-wrapper\" href=\"https:\/\/yourgotlandtours.com\/sv\/experiences\/visbyturen\/\" aria-label=\"Visbyturen\"><\/a>\n\t<\/div>\n<\/div>\n<\/div>\n<div class=\"fusion-portfolio-content\" style=\"background-color:rgba(255,255,255,0);\"><h2 class=\"entry-title fusion-post-title\"><a href=\"https:\/\/yourgotlandtours.com\/sv\/experiences\/visbyturen\/\">Visbyturen<\/a><\/h2><div class=\"fusion-content-sep sep-double sep-solid\" style=\"border-color:var(--awb-color3);\"><\/div><div class=\"fusion-post-content\"><p>Uppt\u00e4ck den medeltida staden Visbys historia, kultur och sk\u00f6nhet \u2013 v\u00e4rldsarv sedan 1995.<\/p><div class=\"fusion-portfolio-buttons\"><a href=\"https:\/\/yourgotlandtours.com\/sv\/experiences\/visbyturen\/\" class=\"fusion-button fusion-button-small fusion-button-default fusion-button-flat\">L\u00e4s mer<\/a><\/div><\/div><\/div><\/div><\/article><article id=\"portfolio-1-post-609\" class=\"fusion-portfolio-post fusion-col-spacing post-609\"><div class=\"fusion-portfolio-content-wrapper\" style=\"border:1px solid var(--awb-color2);border-bottom-width:3px;background-color:rgba(255,255,255,0);\"><span class=\"vcard rich-snippet-hidden\"><span class=\"fn\"><a href=\"https:\/\/yourgotlandtours.com\/sv\/author\/kwacb_yourgotlandtourscom\/\" title=\"Inl\u00e4gg av kwacb_yourgotlandtourscom\" rel=\"author\">kwacb_yourgotlandtourscom<\/a><\/span><\/span><span class=\"updated rich-snippet-hidden\">2022-06-07T16:21:48+02:00<\/span><div  class=\"fusion-image-wrapper\" aria-haspopup=\"true\">\n\t\t\t\t<img decoding=\"async\" width=\"642\" height=\"428\" src=\"https:\/\/yourgotlandtours.com\/wp-content\/uploads\/fyr_utvald_bild.jpg\" class=\"attachment-full size-full wp-post-image\" alt=\"\" srcset=\"https:\/\/yourgotlandtours.com\/wp-content\/uploads\/fyr_utvald_bild-200x133.jpg 200w, https:\/\/yourgotlandtours.com\/wp-content\/uploads\/fyr_utvald_bild-400x267.jpg 400w, https:\/\/yourgotlandtours.com\/wp-content\/uploads\/fyr_utvald_bild-600x400.jpg 600w, https:\/\/yourgotlandtours.com\/wp-content\/uploads\/fyr_utvald_bild.jpg 642w\" sizes=\"(min-width: 2200px) 100vw, (min-width: 640px) 1920px, \" \/><div class=\"fusion-rollover\">\n\t<div class=\"fusion-rollover-content\">\n\n\t\t\t\t\n\t\t\n\t\t\t\t\t\t\t\t\t\t\t\t<h4 class=\"fusion-rollover-title\">\n\t\t\t\t\t<a class=\"fusion-rollover-title-link\" href=\"https:\/\/yourgotlandtours.com\/sv\/experiences\/den-kundanpassade-turen\/\">\n\t\t\t\t\t\tDen kundanpassade turen\t\t\t\t\t<\/a>\n\t\t\t\t<\/h4>\n\t\t\t\n\t\t\t\t\t\t\t\t\t\t\t\t\t\t\t\n\t\t\n\t\t\t\t\t\t<a class=\"fusion-link-wrapper\" href=\"https:\/\/yourgotlandtours.com\/sv\/experiences\/den-kundanpassade-turen\/\" aria-label=\"Den kundanpassade turen\"><\/a>\n\t<\/div>\n<\/div>\n<\/div>\n<div class=\"fusion-portfolio-content\" style=\"background-color:rgba(255,255,255,0);\"><h2 class=\"entry-title fusion-post-title\"><a href=\"https:\/\/yourgotlandtours.com\/sv\/experiences\/den-kundanpassade-turen\/\">Den kundanpassade turen<\/a><\/h2><div class=\"fusion-content-sep sep-double sep-solid\" style=\"border-color:var(--awb-color3);\"><\/div><div class=\"fusion-post-content\"><p>L\u00e5t Consuelo skapa en kundanpassad tur av Visby och Gotland...bara f\u00f6r er<\/p><div class=\"fusion-portfolio-buttons\"><a href=\"https:\/\/yourgotlandtours.com\/sv\/experiences\/den-kundanpassade-turen\/\" class=\"fusion-button fusion-button-small fusion-button-default fusion-button-flat\">L\u00e4s mer<\/a><\/div><\/div><\/div><\/div><\/article><\/div><\/div><\/div><style type=\"text\/css\">.fusion-body .fusion-builder-column-0{width:75% !important;margin-top : 0px;margin-bottom : 20px;}.fusion-builder-column-0 > .fusion-column-wrapper {padding-top : 0px !important;padding-right : 0px !important;margin-right : 2.56%;padding-bottom : 0px !important;padding-left : 0px !important;margin-left : 2.56%;}@media only screen and (max-width:1024px) {.fusion-body .fusion-builder-column-0{width:75% !important;order : 0;}.fusion-builder-column-0 > .fusion-column-wrapper {margin-right : 2.56%;margin-left : 2.56%;}}@media only screen and (max-width:640px) {.fusion-body .fusion-builder-column-0{width:100% !important;order : 0;}.fusion-builder-column-0 > .fusion-column-wrapper {margin-right : 1.92%;margin-left : 1.92%;}}<\/style><\/div><div class=\"fusion-layout-column fusion_builder_column fusion-builder-column-1 fusion_builder_column_1_4 1_4 fusion-flex-column\"><div class=\"fusion-column-wrapper fusion-flex-justify-content-flex-start fusion-content-layout-column\" style=\"background-position:left top;background-repeat:no-repeat;-webkit-background-size:cover;-moz-background-size:cover;-o-background-size:cover;background-size:cover;border-width: 0 0 0 8px;border-color:var(--awb-color4);border-style:solid;padding: 0px 0px 0px 10%;\"><div class=\"fusion-text fusion-text-2\"><p>F\u00f6r mer unika upplevelser:<br \/><strong>F\u00f6lj eller chatta med oss p\u00e5 Facebook<\/strong><\/p>\n<\/div><style>.fusion-facebook-page-1 { display:flex; justify-content:flex-start;}<\/style><div class=\"fusion-facebook-page fb-page fusion-facebook-page-1 \" data-href=\"https:\/\/www.facebook.com\/yourgotlandtours\/\" data-tabs=\"timeline\" data-width=\"340\" data-height=\"1400px\" data-small_header=\"true\" data-hide_cta=\"true\" data-show_facepile=\"false\"><\/div><script async defer crossorigin=\"anonymous\" src=\"https:\/\/connect.facebook.net\/en_US\/sdk.js#xfbml=1&version=v12.0\"><\/script><div id=\"fb-root\"><\/div><\/div><style type=\"text\/css\">.fusion-body .fusion-builder-column-1{width:25% !important;margin-top : 7%;margin-bottom : 20px;}.fusion-builder-column-1 > .fusion-column-wrapper {padding-top : 0px !important;padding-right : 0px !important;margin-right : 7.68%;padding-bottom : 0px !important;padding-left : 10% !important;margin-left : 7.68%;}@media only screen and (max-width:1024px) {.fusion-body .fusion-builder-column-1{width:25% !important;order : 0;}.fusion-builder-column-1 > .fusion-column-wrapper {margin-right : 7.68%;margin-left : 7.68%;}}@media only screen and (max-width:640px) {.fusion-body .fusion-builder-column-1{width:100% !important;order : 0;}.fusion-builder-column-1 > .fusion-column-wrapper {margin-right : 1.92%;margin-left : 1.92%;}}<\/style><\/div><\/div><style type=\"text\/css\">.fusion-body .fusion-flex-container.fusion-builder-row-1{ padding-top : 0px;margin-top : 0px;padding-right : 10%;padding-bottom : 0px;margin-bottom : 0px;padding-left : 10%;}<\/style><\/div>\n","protected":false},"excerpt":{"rendered":"","protected":false},"author":3,"featured_media":0,"parent":0,"menu_order":0,"comment_status":"closed","ping_status":"closed","template":"100-width.php","meta":{"footnotes":""},"class_list":["post-75","page","type-page","status-publish","hentry"],"_links":{"self":[{"href":"https:\/\/yourgotlandtours.com\/sv\/wp-json\/wp\/v2\/pages\/75","targetHints":{"allow":["GET"]}}],"collection":[{"href":"https:\/\/yourgotlandtours.com\/sv\/wp-json\/wp\/v2\/pages"}],"about":[{"href":"https:\/\/yourgotlandtours.com\/sv\/wp-json\/wp\/v2\/types\/page"}],"author":[{"embeddable":true,"href":"https:\/\/yourgotlandtours.com\/sv\/wp-json\/wp\/v2\/users\/3"}],"replies":[{"embeddable":true,"href":"https:\/\/yourgotlandtours.com\/sv\/wp-json\/wp\/v2\/comments?post=75"}],"version-history":[{"count":13,"href":"https:\/\/yourgotlandtours.com\/sv\/wp-json\/wp\/v2\/pages\/75\/revisions"}],"predecessor-version":[{"id":960,"href":"https:\/\/yourgotlandtours.com\/sv\/wp-json\/wp\/v2\/pages\/75\/revisions\/960"}],"wp:attachment":[{"href":"https:\/\/yourgotlandtours.com\/sv\/wp-json\/wp\/v2\/media?parent=75"}],"curies":[{"name":"wp","href":"https:\/\/api.w.org\/{rel}","templated":true}]}}