{"id":64,"date":"2022-04-25T17:41:13","date_gmt":"2022-04-25T15:41:13","guid":{"rendered":"https:\/\/yourgotlandtours.com\/om-oss\/"},"modified":"2022-05-17T15:54:13","modified_gmt":"2022-05-17T13:54:13","slug":"om-oss","status":"publish","type":"page","link":"https:\/\/yourgotlandtours.com\/sv\/om-oss\/","title":{"rendered":"Om oss"},"content":{"rendered":"<div class=\"fusion-fullwidth fullwidth-box fusion-builder-row-1 fusion-flex-container nonhundred-percent-fullwidth non-hundred-percent-height-scrolling\" style=\"background-color: rgba(255,255,255,0);background-position: center center;background-repeat: no-repeat;border-width: 0px 0px 0px 0px;border-color:var(--awb-color3);border-style:solid;\" ><div class=\"fusion-builder-row fusion-row fusion-flex-align-items-flex-start\" style=\"max-width:104%;margin-left: calc(-4% \/ 2 );margin-right: calc(-4% \/ 2 );\"><div class=\"fusion-layout-column fusion_builder_column fusion-builder-column-0 fusion_builder_column_1_2 1_2 fusion-flex-column\"><div class=\"fusion-column-wrapper fusion-flex-justify-content-flex-start fusion-content-layout-column\" style=\"background-position:left top;background-repeat:no-repeat;-webkit-background-size:cover;-moz-background-size:cover;-o-background-size:cover;background-size:cover;padding: 0px 0px 0px 0px;\"><div ><span class=\" fusion-imageframe imageframe-none imageframe-1 hover-type-none\"><img decoding=\"async\" width=\"1080\" height=\"1080\" title=\"Consu_antropolog_guide\" src=\"https:\/\/yourgotlandtours.com\/wp-content\/uploads\/Consu_antropolog_guide.jpg\" alt class=\"img-responsive wp-image-223\" srcset=\"https:\/\/yourgotlandtours.com\/wp-content\/uploads\/Consu_antropolog_guide-200x200.jpg 200w, https:\/\/yourgotlandtours.com\/wp-content\/uploads\/Consu_antropolog_guide-400x400.jpg 400w, https:\/\/yourgotlandtours.com\/wp-content\/uploads\/Consu_antropolog_guide-600x600.jpg 600w, https:\/\/yourgotlandtours.com\/wp-content\/uploads\/Consu_antropolog_guide-800x800.jpg 800w, https:\/\/yourgotlandtours.com\/wp-content\/uploads\/Consu_antropolog_guide.jpg 1080w\" sizes=\"(max-width: 640px) 100vw, 1080px\" \/><\/span><\/div><\/div><style type=\"text\/css\">.fusion-body .fusion-builder-column-0{width:50% !important;margin-top : 0px;margin-bottom : 20px;}.fusion-builder-column-0 > .fusion-column-wrapper {padding-top : 0px !important;padding-right : 0px !important;margin-right : 3.84%;padding-bottom : 0px !important;padding-left : 0px !important;margin-left : 3.84%;}@media only screen and (max-width:1024px) {.fusion-body .fusion-builder-column-0{width:50% !important;order : 0;}.fusion-builder-column-0 > .fusion-column-wrapper {margin-right : 3.84%;margin-left : 3.84%;}}@media only screen and (max-width:640px) {.fusion-body .fusion-builder-column-0{width:100% !important;order : 0;}.fusion-builder-column-0 > .fusion-column-wrapper {margin-right : 1.92%;margin-left : 1.92%;}}<\/style><\/div><div class=\"fusion-layout-column fusion_builder_column fusion-builder-column-1 fusion_builder_column_1_2 1_2 fusion-flex-column\"><div class=\"fusion-column-wrapper fusion-flex-justify-content-flex-start fusion-content-layout-column\" style=\"background-position:left top;background-repeat:no-repeat;-webkit-background-size:cover;-moz-background-size:cover;-o-background-size:cover;background-size:cover;padding: 0px 0px 0px 0px;\"><div class=\"fusion-text fusion-text-1\"><h1>Om osss<\/h1>\n<p>Consuelo Griggio \u00e4r kulturantropolog och specialiserad p\u00e5 studier av \u00f6ar, turism och kulturarv. Consuelo \u00e4r auktoriserad turistguide av SveGuide, Sveriges Guidef\u00f6rbund, sedan 2019. Hon \u00e4r gift med Thomas Kuhn, professor i atmosf\u00e4rsvetenskap vid Lule\u00e5 tekniska universitet, campus Kiruna. Consuelo och Thomas har bott p\u00e5 sin gotl\u00e4ndska g\u00e5rd i Gothem (ca 35 km \u00f6ster om Visby) sedan 2015. Innan flytten till Gotland, har dom bott i Tyskland, Storbritannien, USA, Kanada, Norge och Sverige.<\/p>\n<p>Consuela talar fyra spr\u00e5k dagligen: engelska, tyska, svenska och italienska.<\/p>\n<\/div><div style=\"text-align:center;\"><span class=\" fusion-imageframe imageframe-none imageframe-2 hover-type-none\"><a class=\"fusion-no-lightbox\" href=\"http:\/\/guidesofsweden.com\/\" target=\"_blank\" aria-label=\"sveguide_500\" rel=\"noopener noreferrer\"><img decoding=\"async\" width=\"150\" height=\"150\" alt=\"Sveriges Guidef\u00f6rbund\" src=\"https:\/\/yourgotlandtours.com\/wp-content\/uploads\/\/sveguide_500-150x150.png\" class=\"img-responsive wp-image-246\" srcset=\"https:\/\/yourgotlandtours.com\/wp-content\/uploads\/sveguide_500-200x200.png 200w, https:\/\/yourgotlandtours.com\/wp-content\/uploads\/sveguide_500-400x399.png 400w, https:\/\/yourgotlandtours.com\/wp-content\/uploads\/sveguide_500.png 500w\" sizes=\"(max-width: 640px) 100vw, 150px\" \/><\/a><\/span><\/div><\/div><style type=\"text\/css\">.fusion-body .fusion-builder-column-1{width:50% !important;margin-top : 3%;margin-bottom : 20px;}.fusion-builder-column-1 > .fusion-column-wrapper {padding-top : 0px !important;padding-right : 0px !important;margin-right : 3.84%;padding-bottom : 0px !important;padding-left : 0px !important;margin-left : 3.84%;}@media only screen and (max-width:1024px) {.fusion-body .fusion-builder-column-1{width:50% !important;order : 0;}.fusion-builder-column-1 > .fusion-column-wrapper {margin-right : 3.84%;margin-left : 3.84%;}}@media only screen and (max-width:640px) {.fusion-body .fusion-builder-column-1{width:100% !important;order : 0;}.fusion-builder-column-1 > .fusion-column-wrapper {margin-right : 1.92%;margin-left : 1.92%;}}<\/style><\/div><\/div><style type=\"text\/css\">.fusion-body .fusion-flex-container.fusion-builder-row-1{ padding-top : 0px;margin-top : 0px;padding-right : 10%;padding-bottom : 0px;margin-bottom : 0px;padding-left : 10%;}<\/style><\/div>\n","protected":false},"excerpt":{"rendered":"","protected":false},"author":3,"featured_media":0,"parent":0,"menu_order":0,"comment_status":"closed","ping_status":"closed","template":"100-width.php","meta":{"footnotes":""},"class_list":["post-64","page","type-page","status-publish","hentry"],"_links":{"self":[{"href":"https:\/\/yourgotlandtours.com\/sv\/wp-json\/wp\/v2\/pages\/64","targetHints":{"allow":["GET"]}}],"collection":[{"href":"https:\/\/yourgotlandtours.com\/sv\/wp-json\/wp\/v2\/pages"}],"about":[{"href":"https:\/\/yourgotlandtours.com\/sv\/wp-json\/wp\/v2\/types\/page"}],"author":[{"embeddable":true,"href":"https:\/\/yourgotlandtours.com\/sv\/wp-json\/wp\/v2\/users\/3"}],"replies":[{"embeddable":true,"href":"https:\/\/yourgotlandtours.com\/sv\/wp-json\/wp\/v2\/comments?post=64"}],"version-history":[{"count":4,"href":"https:\/\/yourgotlandtours.com\/sv\/wp-json\/wp\/v2\/pages\/64\/revisions"}],"predecessor-version":[{"id":599,"href":"https:\/\/yourgotlandtours.com\/sv\/wp-json\/wp\/v2\/pages\/64\/revisions\/599"}],"wp:attachment":[{"href":"https:\/\/yourgotlandtours.com\/sv\/wp-json\/wp\/v2\/media?parent=64"}],"curies":[{"name":"wp","href":"https:\/\/api.w.org\/{rel}","templated":true}]}}